{"id":1422,"date":"2016-03-05T19:47:48","date_gmt":"2016-03-05T18:47:48","guid":{"rendered":"http:\/\/soli-wartenberg.de\/wordpress\/?page_id=1422"},"modified":"2019-04-13T21:04:58","modified_gmt":"2019-04-13T19:04:58","slug":"mitgliedsantrag-formular","status":"publish","type":"page","link":"https:\/\/soli-wartenberg.de\/wordpress\/verein\/mitgliedsantrag-formular\/","title":{"rendered":"Mitgliedsantrag"},"content":{"rendered":"<p>&#8230; aktuell in \u00dcberarbeitung &#8230;<!--\nAuf dieser Seite kann der Mitgliedsantrag als Online-Formular ausgef\u00fcllt werden.\n\n<a href=\"\/s_mitgl_antrag_2018.htm\" target=\"_blank\" rel=\"noopener noreferrer\">Zum Web-Formular ...<\/a>\n\nAlternativ steht ein Leerformular zur Verf\u00fcgung, das f\u00fcr das konventionelle Ausf\u00fcllen als Papierformular heruntergeladen und ausgedruckt werden kann.\n\n<a href=\"\/p_mitglantragsendtest.php\" target=\"_blank\" rel=\"noopener noreferrer\">Zum Leerformular ...<\/a>\n--><\/p>\n","protected":false},"excerpt":{"rendered":"<p>&#8230; aktuell in \u00dcberarbeitung &#8230;<\/p>\n <a class=\"more-link\" href=\"https:\/\/soli-wartenberg.de\/wordpress\/verein\/mitgliedsantrag-formular\/\"><span class=\"more-msg\">Weiterlesen &rarr;<\/span><\/a>","protected":false},"author":1,"featured_media":0,"parent":264,"menu_order":0,"comment_status":"closed","ping_status":"closed","template":"","meta":{"ngg_post_thumbnail":0,"footnotes":""},"class_list":["post-1422","page","type-page","status-publish","hentry"],"_links":{"self":[{"href":"https:\/\/soli-wartenberg.de\/wordpress\/wp-json\/wp\/v2\/pages\/1422","targetHints":{"allow":["GET"]}}],"collection":[{"href":"https:\/\/soli-wartenberg.de\/wordpress\/wp-json\/wp\/v2\/pages"}],"about":[{"href":"https:\/\/soli-wartenberg.de\/wordpress\/wp-json\/wp\/v2\/types\/page"}],"author":[{"embeddable":true,"href":"https:\/\/soli-wartenberg.de\/wordpress\/wp-json\/wp\/v2\/users\/1"}],"replies":[{"embeddable":true,"href":"https:\/\/soli-wartenberg.de\/wordpress\/wp-json\/wp\/v2\/comments?post=1422"}],"version-history":[{"count":2,"href":"https:\/\/soli-wartenberg.de\/wordpress\/wp-json\/wp\/v2\/pages\/1422\/revisions"}],"predecessor-version":[{"id":3493,"href":"https:\/\/soli-wartenberg.de\/wordpress\/wp-json\/wp\/v2\/pages\/1422\/revisions\/3493"}],"up":[{"embeddable":true,"href":"https:\/\/soli-wartenberg.de\/wordpress\/wp-json\/wp\/v2\/pages\/264"}],"wp:attachment":[{"href":"https:\/\/soli-wartenberg.de\/wordpress\/wp-json\/wp\/v2\/media?parent=1422"}],"curies":[{"name":"wp","href":"https:\/\/api.w.org\/{rel}","templated":true}]}}