{"id":1424,"date":"2016-03-05T19:48:40","date_gmt":"2016-03-05T18:48:40","guid":{"rendered":"http:\/\/soli-wartenberg.de\/wordpress\/?page_id=1424"},"modified":"2016-03-05T20:32:33","modified_gmt":"2016-03-05T19:32:33","slug":"versicherung-kurz","status":"publish","type":"page","link":"https:\/\/soli-wartenberg.de\/wordpress\/verein\/versicherung-kurz\/","title":{"rendered":"Versicherung"},"content":{"rendered":"<p>F\u00fcr die Mitglieder der Soli besteht ein Versicherungspaket \u00fcber den BLSV. N\u00e4here Informationen sind \u00fcber die folgenden Links abrufbar:<\/p>\n<p><a href=\"\/ARAG_Sportversicherung_Kurzuebersicht.pdf\" target=\"_blank\">Kurzinformationen zum Versicherungsschutz &#8230;<\/a><\/p>\n<p><a href=\"\/ARAG_Sportversicherung_detailliert.pdf\" target=\"_blank\">Detailinformationen zum Versicherungsschutz &#8230;<\/a><\/p>\n","protected":false},"excerpt":{"rendered":"<p>F\u00fcr die Mitglieder der Soli besteht ein Versicherungspaket \u00fcber den BLSV. N\u00e4here Informationen sind \u00fcber die folgenden Links abrufbar: Kurzinformationen zum Versicherungsschutz &#8230; Detailinformationen zum Versicherungsschutz &#8230;<\/p>\n <a class=\"more-link\" href=\"https:\/\/soli-wartenberg.de\/wordpress\/verein\/versicherung-kurz\/\"><span class=\"more-msg\">Weiterlesen &rarr;<\/span><\/a>","protected":false},"author":1,"featured_media":0,"parent":264,"menu_order":0,"comment_status":"closed","ping_status":"closed","template":"","meta":{"ngg_post_thumbnail":0,"footnotes":""},"class_list":["post-1424","page","type-page","status-publish","hentry"],"_links":{"self":[{"href":"https:\/\/soli-wartenberg.de\/wordpress\/wp-json\/wp\/v2\/pages\/1424","targetHints":{"allow":["GET"]}}],"collection":[{"href":"https:\/\/soli-wartenberg.de\/wordpress\/wp-json\/wp\/v2\/pages"}],"about":[{"href":"https:\/\/soli-wartenberg.de\/wordpress\/wp-json\/wp\/v2\/types\/page"}],"author":[{"embeddable":true,"href":"https:\/\/soli-wartenberg.de\/wordpress\/wp-json\/wp\/v2\/users\/1"}],"replies":[{"embeddable":true,"href":"https:\/\/soli-wartenberg.de\/wordpress\/wp-json\/wp\/v2\/comments?post=1424"}],"version-history":[{"count":0,"href":"https:\/\/soli-wartenberg.de\/wordpress\/wp-json\/wp\/v2\/pages\/1424\/revisions"}],"up":[{"embeddable":true,"href":"https:\/\/soli-wartenberg.de\/wordpress\/wp-json\/wp\/v2\/pages\/264"}],"wp:attachment":[{"href":"https:\/\/soli-wartenberg.de\/wordpress\/wp-json\/wp\/v2\/media?parent=1424"}],"curies":[{"name":"wp","href":"https:\/\/api.w.org\/{rel}","templated":true}]}}