{"id":264,"date":"2015-10-05T18:47:05","date_gmt":"2015-10-05T18:47:05","guid":{"rendered":"http:\/\/soli-wartenberg.de\/wordpress\/?page_id=264"},"modified":"2024-11-14T09:58:26","modified_gmt":"2024-11-14T08:58:26","slug":"verein","status":"publish","type":"page","link":"https:\/\/soli-wartenberg.de\/wordpress\/verein\/","title":{"rendered":"Verein"},"content":{"rendered":"<p>Die Solidarit\u00e4t Wartenberg wurde 1896 in Wartenberg gegr\u00fcndet. Der Verein ist im Vereinsregister (Amtsgericht M\u00fcnchen VR 110385) eingetragen als:<br>R.K.B. Solidarit\u00e4t Wartenberg e.V.<\/p>\n<p>Hier finden Sie einige allgemeine Informationen:<\/p>\n<p><a href=\"http:\/\/soli-wartenberg.de\/p_mitglantragsendtest.php?f=I\" target=\"_blank\" rel=\"noopener\" data-wplink-edit=\"true\">Mitgliedsantrag (Leerformular) &#8230;<\/a><\/p>\n<p><a href=\"http:\/\/soli-wartenberg.de\/ARAG_Sportversicherung_Kurzuebersicht.pdf\" target=\"_blank\" rel=\"noopener\">Kurzinformationen zur Versicherung <\/a><\/p>\n<p><a href=\"http:\/\/soli-wartenberg.de\/ARAG_Sportversicherung_detailliert.pdf\" target=\"_blank\" rel=\"noopener\">Detailinformationen zur Versicherung <\/a><\/p>\n\n\n<p><\/p>\n\n\n\n<p><\/p>\n","protected":false},"excerpt":{"rendered":"<p>Die Solidarit\u00e4t Wartenberg wurde 1896 in Wartenberg gegr\u00fcndet. Der Verein ist im Vereinsregister (Amtsgericht M\u00fcnchen VR 110385) eingetragen als:R.K.B. Solidarit\u00e4t Wartenberg e.V. Hier finden Sie einige allgemeine Informationen: Mitgliedsantrag (Leerformular) &#8230; Kurzinformationen zur Versicherung Detailinformationen zur Versicherung<\/p>\n <a class=\"more-link\" href=\"https:\/\/soli-wartenberg.de\/wordpress\/verein\/\"><span class=\"more-msg\">Weiterlesen &rarr;<\/span><\/a>","protected":false},"author":1,"featured_media":0,"parent":0,"menu_order":0,"comment_status":"closed","ping_status":"closed","template":"","meta":{"ngg_post_thumbnail":0,"footnotes":""},"class_list":["post-264","page","type-page","status-publish","hentry"],"_links":{"self":[{"href":"https:\/\/soli-wartenberg.de\/wordpress\/wp-json\/wp\/v2\/pages\/264","targetHints":{"allow":["GET"]}}],"collection":[{"href":"https:\/\/soli-wartenberg.de\/wordpress\/wp-json\/wp\/v2\/pages"}],"about":[{"href":"https:\/\/soli-wartenberg.de\/wordpress\/wp-json\/wp\/v2\/types\/page"}],"author":[{"embeddable":true,"href":"https:\/\/soli-wartenberg.de\/wordpress\/wp-json\/wp\/v2\/users\/1"}],"replies":[{"embeddable":true,"href":"https:\/\/soli-wartenberg.de\/wordpress\/wp-json\/wp\/v2\/comments?post=264"}],"version-history":[{"count":14,"href":"https:\/\/soli-wartenberg.de\/wordpress\/wp-json\/wp\/v2\/pages\/264\/revisions"}],"predecessor-version":[{"id":4278,"href":"https:\/\/soli-wartenberg.de\/wordpress\/wp-json\/wp\/v2\/pages\/264\/revisions\/4278"}],"wp:attachment":[{"href":"https:\/\/soli-wartenberg.de\/wordpress\/wp-json\/wp\/v2\/media?parent=264"}],"curies":[{"name":"wp","href":"https:\/\/api.w.org\/{rel}","templated":true}]}}