{"id":3410,"date":"2019-03-08T23:26:57","date_gmt":"2019-03-08T22:26:57","guid":{"rendered":"http:\/\/soli-wartenberg.de\/wordpress\/?page_id=3410"},"modified":"2019-03-11T21:58:23","modified_gmt":"2019-03-11T20:58:23","slug":"ausschreibung-5","status":"publish","type":"page","link":"https:\/\/soli-wartenberg.de\/wordpress\/pfingstkriterium\/ausschreibung-fette-reifen-rennen-2019\/","title":{"rendered":"Fette-Reifen-Rennen 2019"},"content":{"rendered":"<div class=\"bj\"><img decoding=\"async\" src=\"\/img\/2019flyFR1.jpg\" alt=\"\" width=\"950\" align=\"center\"><\/div>\n<div class=\"bj\"><img decoding=\"async\" src=\"\/img\/2019flyFR2.jpg\" alt=\"\" width=\"950\" align=\"center\"><\/div>\n<div class=\"bj\"><img decoding=\"async\" src=\"\/img\/2019flyFR3.jpg\" alt=\"\" width=\"950\" align=\"center\"><\/div>\n<p><!--div class=\"bh\">\n<span style=\"font-size: 28pt;\">23. Pfingstradrennen<\/span>\n<span style=\"font-size: 24pt;\">Wartenberg<\/span>\n<span style=\"font-size: 20pt;\">10. Juni 2019<\/span>\n<span style=\"font-size: 16pt;\"> (Pfingstmontag)<img loading=\"lazy\" decoding=\"async\" src=\"\/img\/t-px.gif\" alt=\"\" width=\"65\" height=\"0\" \/><a href=\"http:\/\/soli-wartenberg.de\/wordpress\/?page_id=1318\"><img loading=\"lazy\" decoding=\"async\" src=\"\/img\/ar.gif\" alt=\"\" width=\"8\" height=\"10\" border=\"0\" \/> <b>Zur Anmeldung ...<\/b><\/a>\n\n<\/div-->\n<div class=\"bj\">\n<p>&nbsp;<\/p>\n<p><strong>Was ist ein \u201eFette-Reifen-Rennen\u201c?<\/strong><\/p>\n<ul>\n<li>Hobby-Rad-Rennen f\u00fcr Kinder und Jugendliche (Lizenzfahrer d\u00fcrfen nicht starten)<\/li>\n<li>die Teilnahme ist mit jedem Fahrradtyp au\u00dfer Rennrad m\u00f6glich! (mindestens 30mm breiten Reifen)<\/li>\n<li>der Spa\u00df am Radfahren inklusive Rennluft-Schnuppern steht im Vordergrund!<\/li>\n<\/ul>\n<p>&nbsp;<\/p>\n<p><strong>Details zu unserem Rennen in Wartenberg:<\/strong><\/p>\n<ul>\n<li>die Teilnahme ist f\u00fcr Euch kostenfrei \u2013 keine Startgeb\u00fchr<\/li>\n<li>Ihr erhaltet bei der Startnummernr\u00fcckgabe einen Sachpreis<\/li>\n<li>Siegerehrung findet nach dem \u201eJedermann-Rennen\u201c um ca. 14:30 Uhr am Marktplatz f\u00fcr die 3 Erstplatzierten<br \/>\nder Jahrg\u00e4nge 2013\/2012 \u2013 2011\/2010 \u2013 2009\/2008 \u2013 2007\/2006 statt.<\/li>\n<li>Es ist ein Rundkursrennen, d.h.: gemeinsamer Massenstart\u2026Erste(r) im Ziel nach 2 bzw. 3 Runden ist Sieger(in)<\/li>\n<li>die Rennstrecke: Start Marktplatz \u2013 Untere Hauptstra\u00dfe \u2013 Aufhamer Stra\u00dfe \u2013 Strogenstra\u00dfe \u2013 Ziel Marktplatz<br \/>\n(= gleicher Rundkurs wie Pfingstradrennen)<\/li>\n<\/ul>\n<p>&nbsp;<\/p>\n<p><strong>Organisatorisches &#8211; Sicherheitshinweise:<\/strong><\/p>\n<ul>\n<li>Rennen \/ Altersklassen \/ Streckenl\u00e4ngen \/ Startzeiten: siehe Vorderseite<\/li>\n<li>es besteht Helmpflicht f\u00fcr Euch!<\/li>\n<li>aus Sicherheitsgr\u00fcnden d\u00fcrfen nur 50 Teilnehmer pro Rennen starten<\/li>\n<li>Anmelden k\u00f6nnt Ihr Euch unter www.soli-wartenberg.de oder direkt bei Bike-Sport-Schauer (Bgm.-Stuhlberger-Str. 5, Wartenberg; 08762-2120); idealerweise bis 06.06.19. (Nachmeldungen am Renntag sind ab 11:30Uhr bis 12:30Uhr im Rathaus Wartenberg m\u00f6glich.)<\/li>\n<li>Zwingend erforderlich f\u00fcr die Teilnahme ist, dass Eure Eltern\/Erziehungsberechtigten die Teilnahmeerkl\u00e4rung unten ausf\u00fcllen, unterschreiben und Ihr diese bei der Startnummernabholung abgebt.<\/li>\n<li>Die Startnummern m\u00fcsst Ihr am Renntag ab 11:30Uhr bis sp\u00e4testens 12:30Uhr im Rathaus Wartenberg abholen (Bitte dort nach dem Rennen die Startnummern wieder zur\u00fcckbringen); die Startnummern an der linken Seite des R\u00fcckens anbringen<\/li>\n<li>die Rennstrecke ist komplett abgesperrt<\/li>\n<li>Ihr werdet w\u00e4hrend des kompletten Rennens durch Radfahrer der Soli Wartenberg begleitet; deren Anweisungen m\u00fcsst Ihr unbedingt folgen!<\/li>\n<li>St\u00fcrze sind sehr schmerzhaft \u2013 bitte fahrt vorsichtig und r\u00fccksichtsvoll<\/li>\n<li>Wenn ihr auf der Strecke seid, fahrt keine Schlangenlinien und schaut immer nur nach vorn. Was hinter euch passiert oder neben der Strecke vor sich geht, auch wenn Freunde und Verwandte rufen, ist diesem Moment nicht wichtig.<\/li>\n<li>Rennstrecke nicht verlassen!<\/li>\n<li>Nach dem Zieleinlauf: Haltet nicht sofort an, sondern rollt weiter bis zur ersten Kurve.<\/li>\n<\/ul>\n<p>&nbsp;<\/p>\n<p><strong>Weitere Informationen:<\/strong><\/p>\n<ul>\n<li>F\u00fcr weitere Informationen bzw. R\u00fcckfragen k\u00f6nnt Ihr gerne unseren Sportlichen Leiter Klaus Schauer kontaktieren: Bike-Sport-Schauer (Bgm.-Stuhlberger-Str. 5, Wartenberg; 08762-2120)<\/li>\n<li>Wir bieten am Samstag 08.06.19 um 14:30 Uhr ein Probetraining bei Bike-Sport-Schauer an; hier k\u00f6nnt Ihr zusammen schon mal den Massenstart und das Fahren in der Gruppe testen.<\/li>\n<\/ul>\n<p>&nbsp;<\/p>\n<p><strong>DSGVO:<\/strong><\/p>\n<ul>\n<li>Die Datenschutzerkl\u00e4rung, welche bei der Abholung der Startnummer ausliegt, ist Bestandteil der Teilnahmebedingungen.<\/li>\n<\/ul>\n<p>&nbsp;<\/p>\n<\/div>\n<div class=\"bk\">\n<p>&nbsp;<\/p>\n<p><strong>Teilnahmeerkl\u00e4rung<\/strong><\/p>\n<p>&nbsp;<\/p>\n<p>Name, Anschrift, erreichbare Telefonnummer der\/ des Erziehungsberechtigten<\/p>\n<div id=\"box1\">\n<p><img loading=\"lazy\" decoding=\"async\" src=\"\/img\/t-px.gif\" alt=\"\" width=\"0\" height=\"80\"><\/p>\n<\/div>\n<p>&nbsp;<\/p>\n<p>Ich erkl\u00e4re, dass meine Tochter \/ mein Sohn<\/p>\n<div id=\"box2\"><\/div>\n<p>&nbsp;<\/p>\n<p>am Fette-Reifen-Rennen am 10.06.2019 in Wartenberg (Veranstalter: R.K.B. Solidarit\u00e4t Wartenberg e.V.) teilnimmt.<\/p>\n<ul>\n<li>Ich erkl\u00e4re, dass meine Tochter \/ mein Sohn frei ist von ansteckenden Krankheiten und organischen Leiden, die ihre\/ seine Leistungsf\u00e4higkeit bei der Veranstaltung erheblich einschr\u00e4nken oder behindern w\u00fcrden.<\/li>\n<li>Ich erkl\u00e4re, dass meine Tochter \/ mein Sohn die Verkehrsregeln beherrscht und sicher Radfahren kann.<\/li>\n<li>Ich erkl\u00e4re, dass das selbst mitgebrachte Rad meiner Tochter \/ meines Sohnes verkehrstauglich ist und keine Sicherheitsm\u00e4ngel aufweist (Bremsen, Rahmen, Anbauteile).<\/li>\n<li>W\u00e4hrend des Rennens besteht Helmpflicht.<\/li>\n<li>Der Veranstalter \u00fcbernimmt keine Haftung f\u00fcr k\u00f6rperliche oder materielle Sch\u00e4den jeglicher Art!<\/li>\n<li>Ich erkl\u00e4re, dass ich die Datenschutzerkl\u00e4rung zur Kenntnis genommen habe und akzeptiere.<\/li>\n<\/ul>\n<p>&nbsp;<\/p>\n<p>Ort, Datum, Unterschrift der\/ des Erziehungsberechtigten<\/p>\n<div id=\"box2\"><\/div>\n<p>&nbsp;<\/p>\n<\/div>\n","protected":false},"excerpt":{"rendered":"<p>&nbsp; Was ist ein \u201eFette-Reifen-Rennen\u201c? Hobby-Rad-Rennen f\u00fcr Kinder und Jugendliche (Lizenzfahrer d\u00fcrfen nicht starten) die Teilnahme ist mit jedem Fahrradtyp au\u00dfer Rennrad m\u00f6glich! (mindestens 30mm breiten Reifen) der Spa\u00df am Radfahren inklusive Rennluft-Schnuppern steht im Vordergrund! &nbsp; Details zu unserem <span class=\"excerpt-dots\">&hellip;<\/span> <a class=\"more-link\" href=\"https:\/\/soli-wartenberg.de\/wordpress\/pfingstkriterium\/ausschreibung-fette-reifen-rennen-2019\/\"><span class=\"more-msg\">Weiterlesen &rarr;<\/span><\/a><\/p>\n","protected":false},"author":1,"featured_media":0,"parent":258,"menu_order":0,"comment_status":"closed","ping_status":"closed","template":"paget-blank.php","meta":{"ngg_post_thumbnail":0,"footnotes":""},"class_list":["post-3410","page","type-page","status-publish","hentry"],"_links":{"self":[{"href":"https:\/\/soli-wartenberg.de\/wordpress\/wp-json\/wp\/v2\/pages\/3410","targetHints":{"allow":["GET"]}}],"collection":[{"href":"https:\/\/soli-wartenberg.de\/wordpress\/wp-json\/wp\/v2\/pages"}],"about":[{"href":"https:\/\/soli-wartenberg.de\/wordpress\/wp-json\/wp\/v2\/types\/page"}],"author":[{"embeddable":true,"href":"https:\/\/soli-wartenberg.de\/wordpress\/wp-json\/wp\/v2\/users\/1"}],"replies":[{"embeddable":true,"href":"https:\/\/soli-wartenberg.de\/wordpress\/wp-json\/wp\/v2\/comments?post=3410"}],"version-history":[{"count":3,"href":"https:\/\/soli-wartenberg.de\/wordpress\/wp-json\/wp\/v2\/pages\/3410\/revisions"}],"predecessor-version":[{"id":3421,"href":"https:\/\/soli-wartenberg.de\/wordpress\/wp-json\/wp\/v2\/pages\/3410\/revisions\/3421"}],"up":[{"embeddable":true,"href":"https:\/\/soli-wartenberg.de\/wordpress\/wp-json\/wp\/v2\/pages\/258"}],"wp:attachment":[{"href":"https:\/\/soli-wartenberg.de\/wordpress\/wp-json\/wp\/v2\/media?parent=3410"}],"curies":[{"name":"wp","href":"https:\/\/api.w.org\/{rel}","templated":true}]}}