{"id":359,"date":"2015-11-07T20:02:43","date_gmt":"2015-11-07T20:02:43","guid":{"rendered":"http:\/\/soli-wartenberg.de\/wordpress\/?page_id=359"},"modified":"2019-12-25T21:21:15","modified_gmt":"2019-12-25T20:21:15","slug":"ehrenordnung","status":"publish","type":"page","link":"https:\/\/soli-wartenberg.de\/wordpress\/verein\/ehrenordnung\/","title":{"rendered":"Ehrenordnung"},"content":{"rendered":"\n<p class=\"hzt1\">Ehrenordnung des R.K.B. Solidarit\u00e4t Wartenberg e.V.<\/p>\n<p class=\"hzt3\">(Stand 31.08.2012)<\/p>\n<p class=\"hl3t\">\nGem\u00e4\u00df \u00a710, Absatz (5), Satz (c) der Satzung des R.K.B. Solidarit\u00e4t Wartenberg e.V. hat die au\u00dferordentliche Mitgliederversammlung am 31.08.2012 folgende Ehrenordnung beschlossen:\n<\/p>\n<p class=\"hzt3\">\u00a7 1<\/p>\n<p class=\"hz3\">Ehrungen<\/p>\n<p class=\"hl3t\">\nDer Verein kann folgende Ehrungen vornehmen:<\/p>\n<ol type=\"n\">\n<li>Ehrungen f\u00fcr langj\u00e4hrige Vereinsmitgliedschaft<\/li>\n<li>Ernennung zum Ehrenmitglied oder Ehrenvorstand<\/li>\n<li>Sonstige Ehrungen<\/li>\n<\/ol>\n<p class=\"hzt3\">\u00a7 2<\/p>\n<p class=\"hz3\">Ehrungen f\u00fcr langj\u00e4hrige Vereinsmitgliedschaft<\/p>\n<p class=\"hl3t\">\nFolgende Ehrungen spricht der Verein im Rahmen einer ordentlichen Mitgliederversammlung aus:<\/p>\n<ol type=\"n\">\n<li>20j\u00e4hrige Mitgliedschaft&nbsp;&nbsp;(Urkunde)<\/li>\n<li>30j\u00e4hrige Mitgliedschaft&nbsp;&nbsp;(silberne Urkunde)<\/li>\n<li>40j\u00e4hrige Mitgliedschaft, alle 10 Jahre&nbsp;&nbsp;(goldene Urkunde)<\/li>\n<\/ol>\n<p class=\"hzt3\">\u00a7 3<\/p>\n<p class=\"hz3\">Ernennung zum Ehrenmitglied oder Ehrenvorstand<\/p>\n<p class=\"hl3t\">\nDie Ernennung zum Ehrenmitglied oder Ehrenvorstand beschlie\u00dft der Vorstand. Die Ernennungen werden im Rahmen einer ordentlichen Mitgliederversammlung vorgenommen.<br>\nAus diesen Ernennungen erwachsen au\u00dfer dem Beitragserlass ab dem 01.01. des auf die Ernennung folgenden Kalenderjahres keine Sonderrechte.<br>\nVoraussetzung f\u00fcr die Ernennungen sind besondere und hervorragende Verdienste und Leistungen f\u00fcr den Verein.\n<\/p>\n<p class=\"hzt3\">\u00a7 4<\/p>\n<p class=\"hz3\">Sonstige Ehrungen<\/p>\n<p class=\"hl3t\">\n(1) Ehrung zur kirchlichen Hochzeit eines aktiven Vorstandsmitglieds:<br>\nDie Fahnenabordnung des Vereins nimmt am Gottesdienst teil. Das Brautpaar erh\u00e4lt ein angemessenes Geschenk inkl. Gl\u00fcckwunschkarte.\n<\/p>\n<p class=\"hl3t\">\n(2) Ehrung beim Todesfall eines aktiven Vorstandsmitglieds bzw. Ehrenmitglieds oder Ehrenvorstands:<br>\nDie Fahnenabordnung des Vereins nimmt am Trauergottesdienst und der Beerdigung teil.\n<\/p>\n<p class=\"hl3t\">\n(3) Ehrung bei runden Geburtstagen eines Mitglieds:<br>\nDer Schriftf\u00fchrer versendet bei runden Geburtstagen ab dem 50. eine Gl\u00fcckwunschkarte<br>\nmit den Gl\u00fcckw\u00fcnschen des Vereins an das Mitglied.\n<\/p>\n<p class=\"hl3t\">Wartenberg, 31.08.2012<\/p>\n<p class=\"hl3t\">gez. Josef Ebner \/ Robert Schweiger<\/p>\n\n","protected":false},"excerpt":{"rendered":"<p>Ehrenordnung des R.K.B. Solidarit\u00e4t Wartenberg e.V. (Stand 31.08.2012) Gem\u00e4\u00df \u00a710, Absatz (5), Satz (c) der Satzung des R.K.B. Solidarit\u00e4t Wartenberg e.V. hat die au\u00dferordentliche Mitgliederversammlung am 31.08.2012 folgende Ehrenordnung beschlossen: \u00a7 1 Ehrungen Der Verein kann folgende Ehrungen vornehmen: Ehrungen <span class=\"excerpt-dots\">&hellip;<\/span> <a class=\"more-link\" href=\"https:\/\/soli-wartenberg.de\/wordpress\/verein\/ehrenordnung\/\"><span class=\"more-msg\">Weiterlesen &rarr;<\/span><\/a><\/p>\n","protected":false},"author":1,"featured_media":0,"parent":264,"menu_order":0,"comment_status":"closed","ping_status":"closed","template":"","meta":{"ngg_post_thumbnail":0,"footnotes":""},"class_list":["post-359","page","type-page","status-publish","hentry"],"_links":{"self":[{"href":"https:\/\/soli-wartenberg.de\/wordpress\/wp-json\/wp\/v2\/pages\/359","targetHints":{"allow":["GET"]}}],"collection":[{"href":"https:\/\/soli-wartenberg.de\/wordpress\/wp-json\/wp\/v2\/pages"}],"about":[{"href":"https:\/\/soli-wartenberg.de\/wordpress\/wp-json\/wp\/v2\/types\/page"}],"author":[{"embeddable":true,"href":"https:\/\/soli-wartenberg.de\/wordpress\/wp-json\/wp\/v2\/users\/1"}],"replies":[{"embeddable":true,"href":"https:\/\/soli-wartenberg.de\/wordpress\/wp-json\/wp\/v2\/comments?post=359"}],"version-history":[{"count":2,"href":"https:\/\/soli-wartenberg.de\/wordpress\/wp-json\/wp\/v2\/pages\/359\/revisions"}],"predecessor-version":[{"id":3653,"href":"https:\/\/soli-wartenberg.de\/wordpress\/wp-json\/wp\/v2\/pages\/359\/revisions\/3653"}],"up":[{"embeddable":true,"href":"https:\/\/soli-wartenberg.de\/wordpress\/wp-json\/wp\/v2\/pages\/264"}],"wp:attachment":[{"href":"https:\/\/soli-wartenberg.de\/wordpress\/wp-json\/wp\/v2\/media?parent=359"}],"curies":[{"name":"wp","href":"https:\/\/api.w.org\/{rel}","templated":true}]}}