{"id":363,"date":"2015-11-07T20:08:42","date_gmt":"2015-11-07T20:08:42","guid":{"rendered":"http:\/\/soli-wartenberg.de\/wordpress\/?page_id=363"},"modified":"2019-12-25T21:23:07","modified_gmt":"2019-12-25T20:23:07","slug":"satzung-2","status":"publish","type":"page","link":"https:\/\/soli-wartenberg.de\/wordpress\/verein\/beitragsordnung\/","title":{"rendered":"Beitragsordnung"},"content":{"rendered":"<p class=\"hzt1\">Beitragsordnung des R.K.B. Solidarit\u00e4t Wartenberg e.V.<\/p>\n<p class=\"hzt3\">(Stand 31.08.2012)<\/p>\n<p class=\"hl3t\">\nGem\u00e4\u00df \u00a710, Absatz (5), Satz d) der Satzung des R.K.B. Solidarit\u00e4t Wartenberg e.V.<br \/>\nhat die au\u00dferordentliche Mitgliederversammlung am 31.08.2012 folgende Beitragsordnung beschlossen:<\/p>\n<p class=\"hzt3\">\u00a7 1<\/p>\n<p class=\"hz3\">Jahresbeitragss\u00e4tze<\/p>\n<p class=\"hl3t\">\n<table class=\"hl3t\">\n<tbody>\n<tr>\n<td>\nKinder bis einschlie\u00dflich 13 Jahre:<\/td>\n<td>&nbsp;10 \u20ac<\/td>\n<\/tr>\n<tr>\n<td>\nJugendliche bis einschlie\u00dflich 17 Jahre:<\/td>\n<td>&nbsp;15 \u20ac<\/td>\n<\/tr>\n<tr>\n<td>\nErwachsene:<\/td>\n<td>&nbsp;25 \u20ac<\/td>\n<\/tr>\n<tr>\n<td>\nFamilienbeitrag:<\/td>\n<td>&nbsp;50 \u20ac<\/td>\n<\/tr>\n<\/tbody>\n<\/table>\n<p class=\"hzt3\">\u00a7 2<\/p>\n<p class=\"hz3\">Sonstige Regelungen<\/p>\n<p class=\"hl3t\">\n(01) Die Beitragss\u00e4tze werden ab 01.01.2013 erhoben<\/p>\n<p class=\"hl3t\">\n(02) Ma\u00dfgeblich f\u00fcr die Alterseinteilung ist das Alter, welches im Jahr der \t\t\tBeitragsg\u00fcltigkeit erreicht wird.<\/p>\n<p class=\"hl3t\">\n(03) Bei unterj\u00e4hrigem Eintritt wird der Beitrag quartalsm\u00e4\u00dfig berechnet.<\/p>\n<p class=\"hl3t\">\n(04) Die Beitr\u00e4ge sind zum 01.02. eines Jahres f\u00e4llig.<\/p>\n<p class=\"hl3t\">\n(05) Die Teilnahme am Lastschriftverfahren ist f\u00fcr jedes Mitglied verpflichtend. \tDen erh\u00f6hten Verwaltungsaufwand des Vereins durch R\u00fccklastschriften und \tBearbeitungsgeb\u00fchren hat das Mitglied zu erstatten.<\/p>\n<p class=\"hl3t\">\n(06) Jedes Mitglied ist verpflichtet, dem Verein \u00c4nderungen der Bankverbindung \t\tund der Anschrift unaufgefordert mitzuteilen.<\/p>\n<p class=\"hl3t\">\n(07) Der Familienbeitrag wird von einem Bankkonto eingezogen.<\/p>\n<p class=\"hl3t\">\n(08) Der Familienbeitrag gilt f\u00fcr 2 Erwachsene und deren Kinder, welche im \tgleichen Haushalt gemeinschaftlich leben, bis zum Abschluss der ersten \tberufsbildenden Ausbildung, l\u00e4ngstens jedoch bis zum Ende des \t27.Lebensjahres.<\/p>\n<p class=\"hl3t\">\n(09) Einem Mitglied kann der Beitrag gestundet, ganz oder teilweise erlassen \t\twerden. \u00dcber Beitragsstundungen oder Beitrags(teil)erlasse entscheidet \tder Vorstand.<\/p>\n<p class=\"hl3t\">\n(10) Bei einem begr\u00fcndeten Finanzbedarf des Vereines kann die Erhebung einer \tzus\u00e4tzlichen Umlage in Form einer Geldleistung durch die \t\tMitgliederversammlung beschlossen werden. Diese darf das 5-fache eines \tJahresbeitrages nicht \u00fcberschreiten.<\/p>\n<p class=\"hl3t\">Wartenberg, 31.08.2012<\/p>\n<p class=\"hl3t\">gez. Josef Ebner \/ Robert Schweiger<\/p>\n","protected":false},"excerpt":{"rendered":"<p>Beitragsordnung des R.K.B. Solidarit\u00e4t Wartenberg e.V. (Stand 31.08.2012) Gem\u00e4\u00df \u00a710, Absatz (5), Satz d) der Satzung des R.K.B. Solidarit\u00e4t Wartenberg e.V. hat die au\u00dferordentliche Mitgliederversammlung am 31.08.2012 folgende Beitragsordnung beschlossen: \u00a7 1 Jahresbeitragss\u00e4tze Kinder bis einschlie\u00dflich 13 Jahre: &nbsp;10 \u20ac <span class=\"excerpt-dots\">&hellip;<\/span> <a class=\"more-link\" href=\"https:\/\/soli-wartenberg.de\/wordpress\/verein\/beitragsordnung\/\"><span class=\"more-msg\">Weiterlesen &rarr;<\/span><\/a><\/p>\n","protected":false},"author":1,"featured_media":0,"parent":264,"menu_order":0,"comment_status":"closed","ping_status":"closed","template":"","meta":{"ngg_post_thumbnail":0,"footnotes":""},"class_list":["post-363","page","type-page","status-publish","hentry"],"_links":{"self":[{"href":"https:\/\/soli-wartenberg.de\/wordpress\/wp-json\/wp\/v2\/pages\/363","targetHints":{"allow":["GET"]}}],"collection":[{"href":"https:\/\/soli-wartenberg.de\/wordpress\/wp-json\/wp\/v2\/pages"}],"about":[{"href":"https:\/\/soli-wartenberg.de\/wordpress\/wp-json\/wp\/v2\/types\/page"}],"author":[{"embeddable":true,"href":"https:\/\/soli-wartenberg.de\/wordpress\/wp-json\/wp\/v2\/users\/1"}],"replies":[{"embeddable":true,"href":"https:\/\/soli-wartenberg.de\/wordpress\/wp-json\/wp\/v2\/comments?post=363"}],"version-history":[{"count":2,"href":"https:\/\/soli-wartenberg.de\/wordpress\/wp-json\/wp\/v2\/pages\/363\/revisions"}],"predecessor-version":[{"id":3655,"href":"https:\/\/soli-wartenberg.de\/wordpress\/wp-json\/wp\/v2\/pages\/363\/revisions\/3655"}],"up":[{"embeddable":true,"href":"https:\/\/soli-wartenberg.de\/wordpress\/wp-json\/wp\/v2\/pages\/264"}],"wp:attachment":[{"href":"https:\/\/soli-wartenberg.de\/wordpress\/wp-json\/wp\/v2\/media?parent=363"}],"curies":[{"name":"wp","href":"https:\/\/api.w.org\/{rel}","templated":true}]}}